{"id":30204,"date":"2026-04-14T23:31:30","date_gmt":"2026-04-14T21:31:30","guid":{"rendered":"https:\/\/genevascdc.com\/?page_id=30204"},"modified":"2026-04-14T23:47:57","modified_gmt":"2026-04-14T21:47:57","slug":"danses-pour-avril-et-david-quarrie","status":"publish","type":"page","link":"https:\/\/genevascdc.com\/fr\/liens\/danses-pour-avril-et-david-quarrie\/","title":{"rendered":"Danses pour Avril et David Quarrie"},"content":{"rendered":"<p>[et_pb_section fb_built=\u00a0\u00bb1&Prime; _builder_version=\u00a0\u00bb4.25.1&Prime; _module_preset=\u00a0\u00bbdefault\u00a0\u00bb background_image=\u00a0\u00bbhttps:\/\/genevascdc.com\/wp-content\/uploads\/2025\/05\/IMG_1413.jpg\u00a0\u00bb custom_padding=\u00a0\u00bb4vw||4vw||true|false\u00a0\u00bb da_disable_devices=\u00a0\u00bboff|off|off\u00a0\u00bb global_colors_info=\u00a0\u00bb{}\u00a0\u00bb da_is_popup=\u00a0\u00bboff\u00a0\u00bb da_exit_intent=\u00a0\u00bboff\u00a0\u00bb da_has_close=\u00a0\u00bbon\u00a0\u00bb da_alt_close=\u00a0\u00bboff\u00a0\u00bb da_dark_close=\u00a0\u00bboff\u00a0\u00bb da_not_modal=\u00a0\u00bbon\u00a0\u00bb da_is_singular=\u00a0\u00bboff\u00a0\u00bb da_with_loader=\u00a0\u00bboff\u00a0\u00bb da_has_shadow=\u00a0\u00bbon\u00a0\u00bb][et_pb_row _builder_version=\u00a0\u00bb4.16&Prime; _module_preset=\u00a0\u00bbdefault\u00a0\u00bb global_colors_info=\u00a0\u00bb{}\u00a0\u00bb][et_pb_column type=\u00a0\u00bb4_4&Prime; _builder_version=\u00a0\u00bb4.16&Prime; _module_preset=\u00a0\u00bbdefault\u00a0\u00bb global_colors_info=\u00a0\u00bb{}\u00a0\u00bb][et_pb_text _builder_version=\u00a0\u00bb4.20.2&Prime; _module_preset=\u00a0\u00bbdefault\u00a0\u00bb header_font=\u00a0\u00bbLato|700|||||||\u00a0\u00bb header_text_align=\u00a0\u00bbleft\u00a0\u00bb header_text_color=\u00a0\u00bb#FFFFFF\u00a0\u00bb header_font_size=\u00a0\u00bb60px\u00a0\u00bb header_line_height=\u00a0\u00bb1.2em\u00a0\u00bb header_3_text_color=\u00a0\u00bb#FFFFFF\u00a0\u00bb background_color=\u00a0\u00bbrgba(19,44,200,0.67)\u00a0\u00bb module_alignment=\u00a0\u00bbcenter\u00a0\u00bb custom_margin=\u00a0\u00bb||10px||false|false\u00a0\u00bb custom_padding=\u00a0\u00bb2vw|2vw|2vw|2vw|true|true\u00a0\u00bb header_font_size_tablet=\u00a0\u00bb\u00a0\u00bb header_font_size_phone=\u00a0\u00bb46px\u00a0\u00bb header_font_size_last_edited=\u00a0\u00bbon|phone\u00a0\u00bb global_colors_info=\u00a0\u00bb{}\u00a0\u00bb]<\/p>\n<h1>DANSES POUR AVRIL &amp; DAVID QUARRIE<\/h1>\n<p>[\/et_pb_text][\/et_pb_column][\/et_pb_row][\/et_pb_section][et_pb_section fb_built=\u00a0\u00bb1&Prime; _builder_version=\u00a0\u00bb4.16&Prime; _module_preset=\u00a0\u00bbdefault\u00a0\u00bb da_disable_devices=\u00a0\u00bboff|off|off\u00a0\u00bb global_colors_info=\u00a0\u00bb{}\u00a0\u00bb da_is_popup=\u00a0\u00bboff\u00a0\u00bb da_exit_intent=\u00a0\u00bboff\u00a0\u00bb da_has_close=\u00a0\u00bbon\u00a0\u00bb da_alt_close=\u00a0\u00bboff\u00a0\u00bb da_dark_close=\u00a0\u00bboff\u00a0\u00bb da_not_modal=\u00a0\u00bbon\u00a0\u00bb da_is_singular=\u00a0\u00bboff\u00a0\u00bb da_with_loader=\u00a0\u00bboff\u00a0\u00bb da_has_shadow=\u00a0\u00bbon\u00a0\u00bb][et_pb_row _builder_version=\u00a0\u00bb4.27.4&Prime; _module_preset=\u00a0\u00bbdefault\u00a0\u00bb hover_enabled=\u00a0\u00bb0&Prime; global_colors_info=\u00a0\u00bb{}\u00a0\u00bb sticky_enabled=\u00a0\u00bb0&Prime; custom_padding=\u00a0\u00bb||27px|||\u00a0\u00bb][et_pb_column type=\u00a0\u00bb4_4&Prime; _builder_version=\u00a0\u00bb4.16&Prime; _module_preset=\u00a0\u00bbdefault\u00a0\u00bb global_colors_info=\u00a0\u00bb{}\u00a0\u00bb][et_pb_text _builder_version=\u00a0\u00bb4.27.4&Prime; _module_preset=\u00a0\u00bbdefault\u00a0\u00bb text_orientation=\u00a0\u00bbleft\u00a0\u00bb hover_enabled=\u00a0\u00bb0&Prime; global_colors_info=\u00a0\u00bb{}\u00a0\u00bb sticky_enabled=\u00a0\u00bb0&Prime;]<\/p>\n<div class=\"small-text\">Avril et David Quarrie ont v\u00e9cu dans la r\u00e9gion de Gen\u00e8ve pendant environ 10 ans, et durant toutes ces ann\u00e9es, ils ont \u00e9t\u00e9 des membres tr\u00e8s actifs du Geneva Scottish Country Dance Club. En tant que danseurs, professeurs et membres du comit\u00e9, ils ont consacr\u00e9 beaucoup de temps et d&rsquo;\u00e9nergie au club, et leur pr\u00e9sence et leur soutien ont toujours \u00e9t\u00e9 tr\u00e8s appr\u00e9ci\u00e9s.<\/div>\n<div class=\"small-text\">En 2015, ils ont d\u00e9m\u00e9nag\u00e9 en Allemagne pour se rapprocher de leur famille. Pour les remercier de tout ce qu&rsquo;ils ont fait au cours de cette d\u00e9cennie, les membres du club ont pr\u00e9par\u00e9 ce <a href=\"https:\/\/genevascdc.com\/wp-content\/uploads\/2026\/04\/Dances_avril_david_corr.pdf\" rel=\"attachment wp-att-30207\">livret de danses pour Avril et David Quarrie.<\/a><\/div>\n<p><a href=\"https:\/\/genevascdc.com\/wp-content\/uploads\/2026\/04\/Dances_avril_david_corr.pdf\"><img loading=\"lazy\" decoding=\"async\" src=\"https:\/\/genevascdc.com\/wp-content\/uploads\/2026\/04\/Capture-decran-2026-04-14-232122-718x1024.png\" width=\"718\" height=\"1024\" alt=\"\" class=\"wp-image-30209 aligncenter size-large\" srcset=\"https:\/\/genevascdc.com\/wp-content\/uploads\/2026\/04\/Capture-decran-2026-04-14-232122-718x1024.png 718w, https:\/\/genevascdc.com\/wp-content\/uploads\/2026\/04\/Capture-decran-2026-04-14-232122-480x685.png 480w\" sizes=\"(min-width: 0px) and (max-width: 480px) 480px, (min-width: 481px) 718px, 100vw\" \/><\/a><\/p>\n<p>[\/et_pb_text][\/et_pb_column][\/et_pb_row][\/et_pb_section]<\/p>\n","protected":false},"excerpt":{"rendered":"<p>DANSES POUR AVRIL &amp; DAVID QUARRIEAvril et David Quarrie ont v\u00e9cu dans la r\u00e9gion de Gen\u00e8ve pendant environ 10 ans, et durant toutes ces ann\u00e9es, ils ont \u00e9t\u00e9 des membres [&hellip;]<\/p>\n","protected":false},"author":2,"featured_media":0,"parent":29604,"menu_order":0,"comment_status":"closed","ping_status":"closed","template":"","meta":{"_et_pb_use_builder":"on","_et_pb_old_content":"","_et_gb_content_width":"","two_page_speed":[],"footnotes":""},"class_list":["post-30204","page","type-page","status-publish","hentry"],"_links":{"self":[{"href":"https:\/\/genevascdc.com\/fr\/wp-json\/wp\/v2\/pages\/30204","targetHints":{"allow":["GET"]}}],"collection":[{"href":"https:\/\/genevascdc.com\/fr\/wp-json\/wp\/v2\/pages"}],"about":[{"href":"https:\/\/genevascdc.com\/fr\/wp-json\/wp\/v2\/types\/page"}],"author":[{"embeddable":true,"href":"https:\/\/genevascdc.com\/fr\/wp-json\/wp\/v2\/users\/2"}],"replies":[{"embeddable":true,"href":"https:\/\/genevascdc.com\/fr\/wp-json\/wp\/v2\/comments?post=30204"}],"version-history":[{"count":7,"href":"https:\/\/genevascdc.com\/fr\/wp-json\/wp\/v2\/pages\/30204\/revisions"}],"predecessor-version":[{"id":30226,"href":"https:\/\/genevascdc.com\/fr\/wp-json\/wp\/v2\/pages\/30204\/revisions\/30226"}],"up":[{"embeddable":true,"href":"https:\/\/genevascdc.com\/fr\/wp-json\/wp\/v2\/pages\/29604"}],"wp:attachment":[{"href":"https:\/\/genevascdc.com\/fr\/wp-json\/wp\/v2\/media?parent=30204"}],"curies":[{"name":"wp","href":"https:\/\/api.w.org\/{rel}","templated":true}]}}