{"id":29604,"date":"2023-06-04T15:26:11","date_gmt":"2023-06-04T13:26:11","guid":{"rendered":"https:\/\/new.genevascdc.com\/?page_id=29604"},"modified":"2026-04-14T23:48:53","modified_gmt":"2026-04-14T21:48:53","slug":"liens","status":"publish","type":"page","link":"https:\/\/genevascdc.com\/fr\/liens\/","title":{"rendered":"Liens"},"content":{"rendered":"<p>[et_pb_section fb_built=\u00a0\u00bb1&Prime; _builder_version=\u00a0\u00bb4.25.1&Prime; _module_preset=\u00a0\u00bbdefault\u00a0\u00bb background_image=\u00a0\u00bbhttps:\/\/genevascdc.com\/wp-content\/uploads\/2023\/08\/header-3.jpg\u00a0\u00bb background_position=\u00a0\u00bbtop_center\u00a0\u00bb custom_padding=\u00a0\u00bb4vw||4vw||true|false\u00a0\u00bb da_disable_devices=\u00a0\u00bboff|off|off\u00a0\u00bb global_colors_info=\u00a0\u00bb{}\u00a0\u00bb da_is_popup=\u00a0\u00bboff\u00a0\u00bb da_exit_intent=\u00a0\u00bboff\u00a0\u00bb da_has_close=\u00a0\u00bbon\u00a0\u00bb da_alt_close=\u00a0\u00bboff\u00a0\u00bb da_dark_close=\u00a0\u00bboff\u00a0\u00bb da_not_modal=\u00a0\u00bbon\u00a0\u00bb da_is_singular=\u00a0\u00bboff\u00a0\u00bb da_with_loader=\u00a0\u00bboff\u00a0\u00bb da_has_shadow=\u00a0\u00bbon\u00a0\u00bb][et_pb_row _builder_version=\u00a0\u00bb4.25.1&Prime; _module_preset=\u00a0\u00bbdefault\u00a0\u00bb global_colors_info=\u00a0\u00bb{}\u00a0\u00bb][et_pb_column type=\u00a0\u00bb4_4&Prime; _builder_version=\u00a0\u00bb4.16&Prime; _module_preset=\u00a0\u00bbdefault\u00a0\u00bb global_colors_info=\u00a0\u00bb{}\u00a0\u00bb][et_pb_text _builder_version=\u00a0\u00bb4.20.2&Prime; _module_preset=\u00a0\u00bbdefault\u00a0\u00bb header_font=\u00a0\u00bbLato|700|||||||\u00a0\u00bb header_text_align=\u00a0\u00bbleft\u00a0\u00bb header_text_color=\u00a0\u00bb#FFFFFF\u00a0\u00bb header_font_size=\u00a0\u00bb60px\u00a0\u00bb header_line_height=\u00a0\u00bb1.2em\u00a0\u00bb header_3_text_color=\u00a0\u00bb#FFFFFF\u00a0\u00bb background_color=\u00a0\u00bbrgba(19,44,200,0.67)\u00a0\u00bb module_alignment=\u00a0\u00bbcenter\u00a0\u00bb custom_margin=\u00a0\u00bb||10px||false|false\u00a0\u00bb custom_padding=\u00a0\u00bb2vw|2vw|2vw|2vw|true|true\u00a0\u00bb header_font_size_tablet=\u00a0\u00bb\u00a0\u00bb header_font_size_phone=\u00a0\u00bb46px\u00a0\u00bb header_font_size_last_edited=\u00a0\u00bbon|phone\u00a0\u00bb global_colors_info=\u00a0\u00bb{}\u00a0\u00bb]<\/p>\n<h1>Liens<\/h1>\n<p>[\/et_pb_text][\/et_pb_column][\/et_pb_row][\/et_pb_section][et_pb_section fb_built=\u00a0\u00bb1&Prime; _builder_version=\u00a0\u00bb4.16&Prime; _module_preset=\u00a0\u00bbdefault\u00a0\u00bb da_disable_devices=\u00a0\u00bboff|off|off\u00a0\u00bb global_colors_info=\u00a0\u00bb{}\u00a0\u00bb da_is_popup=\u00a0\u00bboff\u00a0\u00bb da_exit_intent=\u00a0\u00bboff\u00a0\u00bb da_has_close=\u00a0\u00bbon\u00a0\u00bb da_alt_close=\u00a0\u00bboff\u00a0\u00bb da_dark_close=\u00a0\u00bboff\u00a0\u00bb da_not_modal=\u00a0\u00bbon\u00a0\u00bb da_is_singular=\u00a0\u00bboff\u00a0\u00bb da_with_loader=\u00a0\u00bboff\u00a0\u00bb da_has_shadow=\u00a0\u00bbon\u00a0\u00bb][et_pb_row _builder_version=\u00a0\u00bb4.25.1&Prime; _module_preset=\u00a0\u00bbdefault\u00a0\u00bb global_colors_info=\u00a0\u00bb{}\u00a0\u00bb][et_pb_column type=\u00a0\u00bb4_4&Prime; _builder_version=\u00a0\u00bb4.16&Prime; _module_preset=\u00a0\u00bbdefault\u00a0\u00bb global_colors_info=\u00a0\u00bb{}\u00a0\u00bb][et_pb_text _builder_version=\u00a0\u00bb4.25.1&Prime; _module_preset=\u00a0\u00bbdefault\u00a0\u00bb header_2_font=\u00a0\u00bbLato|700||on|||||\u00a0\u00bb header_2_text_color=\u00a0\u00bb#000000&Prime; header_2_font_size=\u00a0\u00bb30px\u00a0\u00bb header_2_letter_spacing=\u00a0\u00bb1px\u00a0\u00bb header_2_line_height=\u00a0\u00bb1.3em\u00a0\u00bb header_2_font_size_tablet=\u00a0\u00bb\u00a0\u00bb header_2_font_size_phone=\u00a0\u00bb24px\u00a0\u00bb header_2_font_size_last_edited=\u00a0\u00bbon|phone\u00a0\u00bb header_2_line_height_last_edited=\u00a0\u00bboff|phone\u00a0\u00bb global_colors_info=\u00a0\u00bb{}\u00a0\u00bb]<\/p>\n<h2>instructions et descriptions de danses<\/h2>\n<p>[\/et_pb_text][et_pb_text _builder_version=\u00a0\u00bb4.25.1&Prime; _module_preset=\u00a0\u00bbdefault\u00a0\u00bb global_colors_info=\u00a0\u00bb{}\u00a0\u00bb]<\/p>\n<div class=\"small-text\">\n<p>Scottish Country Dance Database <a href=\"https:\/\/my.strathspey.org\/dd\/\">https:\/\/my.strathspey.org<\/a><br \/>Minicrib <a href=\"https:\/\/www.minicrib.org.uk\/\">https:\/\/www.minicrib.org.uk\/<\/a><br \/>The Dancing Master 1651-1728 <a href=\"https:\/\/playforddances.com\/\">https:\/\/playforddances.com\/<\/a><br \/>Scottish Country Dancing Dictionary <a href=\"http:\/\/www.scottish-country-dancing-dictionary.com\/\"> www.scottish-country-dancing-dictionary.com <\/a><\/p>\n<\/div>\n<p>[\/et_pb_text][\/et_pb_column][\/et_pb_row][et_pb_row _builder_version=\u00a0\u00bb4.16&Prime; _module_preset=\u00a0\u00bbdefault\u00a0\u00bb global_colors_info=\u00a0\u00bb{}\u00a0\u00bb][et_pb_column type=\u00a0\u00bb4_4&Prime; _builder_version=\u00a0\u00bb4.16&Prime; _module_preset=\u00a0\u00bbdefault\u00a0\u00bb global_colors_info=\u00a0\u00bb{}\u00a0\u00bb][et_pb_text _builder_version=\u00a0\u00bb4.25.1&Prime; _module_preset=\u00a0\u00bbdefault\u00a0\u00bb header_2_font=\u00a0\u00bbLato|700||on|||||\u00a0\u00bb header_2_text_color=\u00a0\u00bb#000000&Prime; header_2_font_size=\u00a0\u00bb30px\u00a0\u00bb header_2_letter_spacing=\u00a0\u00bb1px\u00a0\u00bb header_2_line_height=\u00a0\u00bb1.3em\u00a0\u00bb header_2_font_size_tablet=\u00a0\u00bb\u00a0\u00bb header_2_font_size_phone=\u00a0\u00bb24px\u00a0\u00bb header_2_font_size_last_edited=\u00a0\u00bbon|phone\u00a0\u00bb header_2_line_height_last_edited=\u00a0\u00bboff|phone\u00a0\u00bb global_colors_info=\u00a0\u00bb{}\u00a0\u00bb]<\/p>\n<h2>Sites Internationaux de contredanse \u00e9cossaise<\/h2>\n<p>[\/et_pb_text][et_pb_text _builder_version=\u00a0\u00bb4.20.2&Prime; _module_preset=\u00a0\u00bbdefault\u00a0\u00bb global_colors_info=\u00a0\u00bb{}\u00a0\u00bb]<\/p>\n<p>Royal Scottish Country Dance Society, Edinburgh <a href=\"https:\/\/www.rscds.org\/Content.aspx\"> www.rscdc.org<\/a><br \/>Celtic Circle <a href=\"http:\/\/www.celtic-circle.de\/\"> www.celtic-circle.de <\/a><br \/>Grand Chain <a href=\"http:\/\/www.scottishdance.net\/\"> www.scottishdance.net<\/a><br \/>Kuckucksnest im Spessart <a href=\"http:\/\/www.kuckucksnest.com\/\"> www.kuckucksnest.com <\/a><\/p>\n<p>[\/et_pb_text][\/et_pb_column][\/et_pb_row][et_pb_row _builder_version=\u00a0\u00bb4.16&Prime; _module_preset=\u00a0\u00bbdefault\u00a0\u00bb global_colors_info=\u00a0\u00bb{}\u00a0\u00bb][et_pb_column type=\u00a0\u00bb4_4&Prime; _builder_version=\u00a0\u00bb4.16&Prime; _module_preset=\u00a0\u00bbdefault\u00a0\u00bb global_colors_info=\u00a0\u00bb{}\u00a0\u00bb][et_pb_text _builder_version=\u00a0\u00bb4.20.2&Prime; _module_preset=\u00a0\u00bbdefault\u00a0\u00bb header_2_font=\u00a0\u00bbLato|700||on|||||\u00a0\u00bb header_2_text_color=\u00a0\u00bb#000000&Prime; header_2_font_size=\u00a0\u00bb30px\u00a0\u00bb header_2_letter_spacing=\u00a0\u00bb1px\u00a0\u00bb header_2_line_height=\u00a0\u00bb1.3em\u00a0\u00bb header_2_font_size_tablet=\u00a0\u00bb\u00a0\u00bb header_2_font_size_phone=\u00a0\u00bb24px\u00a0\u00bb header_2_font_size_last_edited=\u00a0\u00bbon|phone\u00a0\u00bb header_2_line_height_last_edited=\u00a0\u00bboff|phone\u00a0\u00bb global_colors_info=\u00a0\u00bb{}\u00a0\u00bb]<\/p>\n<h2>\u00a0autres groupes de danse \u00e9cossaise en suisse<\/h2>\n<p>[\/et_pb_text][et_pb_text _builder_version=\u00a0\u00bb4.20.2&Prime; _module_preset=\u00a0\u00bbdefault\u00a0\u00bb global_colors_info=\u00a0\u00bb{}\u00a0\u00bb]Z\u00fcrich Scottish Country Dancing Club <a href=\"http:\/\/www.zscdc.ch\/\"> www.zscdc.ch<\/a><br \/>\nScottish Country Dance Group, Basel <a href=\"http:\/\/www.scdgb.ch\/\"> www.scdgb.ch<\/a><br \/>\nScots Kirk Lausanne <a href=\"http:\/\/www.scotskirklausanne.ch\/\"> www.scotskirklausanne.ch<\/a><br \/>\nDietlikon Folk Dance <a href=\"http:\/\/www.folkdancedietlikon.ch\/default.html\"> www.folkdancedietlikon.ch <\/a>[\/et_pb_text][\/et_pb_column][\/et_pb_row][et_pb_row _builder_version=\u00a0\u00bb4.16&Prime; _module_preset=\u00a0\u00bbdefault\u00a0\u00bb custom_margin=\u00a0\u00bb|auto|-93px|auto||\u00a0\u00bb custom_padding=\u00a0\u00bb||30px|||\u00a0\u00bb global_colors_info=\u00a0\u00bb{}\u00a0\u00bb][et_pb_column type=\u00a0\u00bb4_4&Prime; _builder_version=\u00a0\u00bb4.16&Prime; _module_preset=\u00a0\u00bbdefault\u00a0\u00bb global_colors_info=\u00a0\u00bb{}\u00a0\u00bb][et_pb_text _builder_version=\u00a0\u00bb4.25.1&Prime; _module_preset=\u00a0\u00bbdefault\u00a0\u00bb header_2_font=\u00a0\u00bbLato|700||on|||||\u00a0\u00bb header_2_text_color=\u00a0\u00bb#000000&Prime; header_2_font_size=\u00a0\u00bb30px\u00a0\u00bb header_2_letter_spacing=\u00a0\u00bb1px\u00a0\u00bb header_2_line_height=\u00a0\u00bb1.3em\u00a0\u00bb header_2_font_size_tablet=\u00a0\u00bb\u00a0\u00bb header_2_font_size_phone=\u00a0\u00bb24px\u00a0\u00bb header_2_font_size_last_edited=\u00a0\u00bbon|phone\u00a0\u00bb header_2_line_height_last_edited=\u00a0\u00bboff|phone\u00a0\u00bb global_colors_info=\u00a0\u00bb{}\u00a0\u00bb]<\/p>\n<h2><span>Danses \u00e9crites par des membres du <br \/>Geneva Scottish Country Dancing Club<\/span><\/h2>\n<p>[\/et_pb_text][et_pb_text _builder_version=\u00a0\u00bb4.25.1&Prime; _module_preset=\u00a0\u00bbdefault\u00a0\u00bb min_height=\u00a0\u00bb293.8px\u00a0\u00bb global_colors_info=\u00a0\u00bb{}\u00a0\u00bb]<\/p>\n<div class=\"small-text\">\n<div class=\"small-text\">\n<p class=\"p1\">Ce qui suit est une liste non exhaustive de danses cr\u00e9\u00e9es par des membres du Club et qui ne sont pas ais\u00e9es \u00e0 trouver en ligne.<br \/>Les liens m\u00e8nent aux instructions (en anglais uniquement).<\/p>\n<p class=\"p1\"><span class=\"s1\"><a href=\"https:\/\/genevascdc.com\/fr\/liens\/a-dance-to-say-thank-you\/\">A Dance to Say Thank You\u00a0<\/a><\/span>(Florence Burgy, d\u00e9di\u00e9e \u00e0 Avril and David Quarrie)<br \/><span style=\"font-size: 18px;\"><\/span><a href=\"https:\/\/genevascdc.com\/fr\/liens\/au-revoir-mes-amis\/\" style=\"font-size: 18px;\">Au Revoir Mes Amis<\/a><span style=\"font-size: 18px;\"> (Luke Bradley)<br \/><a href=\"https:\/\/genevascdc.com\/fr\/liens\/danses-pour-avril-et-david-quarrie\/\">Danses pour Avril et David Quarrie<\/a> (recueil de danses \u00e9crites par divers membres du club)<br \/><\/span><a target=\"_blank\" href=\"https:\/\/www.youtube.com\/watch?v=n4y8iGCql70\" rel=\"noopener\">David&rsquo;s Double Trouble<\/a> (vid\u00e9o du bal de Zurich de 2017 on YouTube)<br \/><a href=\"https:\/\/genevascdc.com\/fr\/liens\/the-flower-lady\/\">The Flower Lady<\/a> (Avril Quarrie, en m\u00e9moire de Marie-No\u00eblle Dubey) <a target=\"_blank\" href=\"https:\/\/youtu.be\/aXOzlTYy9q4\" rel=\"noopener\"> Video<\/a><br \/><a href=\"https:\/\/genevascdc.com\/fr\/liens\/the-geneva-dancers\/\">The Geneva Dancers<\/a> (Colin Anderson)<br \/><a href=\"https:\/\/genevascdc.com\/fr\/liens\/the-glaikit-gowk-april-fool\/\">The Glaikit Gowk (April Fool)<\/a> (Colin Anderson)<\/p>\n<p class=\"p1\">\n<p class=\"p1\"><span style=\"font-size: 18px;\"><\/span><\/p>\n<p class=\"p1\"><span style=\"font-size: 18px;\">\u00a0<\/span><\/p>\n<\/div>\n<\/div>\n<p>[\/et_pb_text][\/et_pb_column][\/et_pb_row][\/et_pb_section]<\/p>\n","protected":false},"excerpt":{"rendered":"<p>Liensinstructions et descriptions de danses Scottish Country Dance Database https:\/\/my.strathspey.orgMinicrib https:\/\/www.minicrib.org.uk\/The Dancing Master 1651-1728 https:\/\/playforddances.com\/Scottish Country Dancing Dictionary www.scottish-country-dancing-dictionary.com Sites Internationaux de contredanse \u00e9cossaiseRoyal Scottish Country Dance Society, Edinburgh www.rscdc.orgCeltic [&hellip;]<\/p>\n","protected":false},"author":1,"featured_media":0,"parent":0,"menu_order":0,"comment_status":"closed","ping_status":"closed","template":"","meta":{"_et_pb_use_builder":"on","_et_pb_old_content":"[et_pb_section fb_built=\"1\" _builder_version=\"4.20.2\" _module_preset=\"default\" background_image=\"https:\/\/new.genevascdc.com\/wp-content\/uploads\/2023\/08\/header-3.jpg\" custom_padding=\"4vw||4vw||true|false\" hover_enabled=\"0\" da_disable_devices=\"off|off|off\" global_colors_info=\"{}\" title_text=\"header-3\" sticky_enabled=\"0\" background_position=\"top_center\" da_is_popup=\"off\" da_exit_intent=\"off\" da_has_close=\"on\" da_alt_close=\"off\" da_dark_close=\"off\" da_not_modal=\"on\" da_is_singular=\"off\" da_with_loader=\"off\" da_has_shadow=\"on\"][et_pb_row _builder_version=\"4.16\" _module_preset=\"default\" global_colors_info=\"{}\"][et_pb_column type=\"4_4\" _builder_version=\"4.16\" _module_preset=\"default\" global_colors_info=\"{}\"][et_pb_text _builder_version=\"4.20.2\" _module_preset=\"default\" header_font=\"Lato|700|||||||\" header_text_align=\"left\" header_text_color=\"#FFFFFF\" header_font_size=\"60px\" header_line_height=\"1.2em\" header_3_text_color=\"#FFFFFF\" background_color=\"rgba(19,44,200,0.67)\" module_alignment=\"center\" custom_margin=\"||10px||false|false\" custom_padding=\"2vw|2vw|2vw|2vw|true|true\" header_font_size_tablet=\"\" header_font_size_phone=\"46px\" header_font_size_last_edited=\"on|phone\" global_colors_info=\"{}\"]\n<h1>Links<\/h1>\n[\/et_pb_text][\/et_pb_column][\/et_pb_row][\/et_pb_section][et_pb_section fb_built=\"1\" _builder_version=\"4.16\" _module_preset=\"default\" da_disable_devices=\"off|off|off\" global_colors_info=\"{}\" da_is_popup=\"off\" da_exit_intent=\"off\" da_has_close=\"on\" da_alt_close=\"off\" da_dark_close=\"off\" da_not_modal=\"on\" da_is_singular=\"off\" da_with_loader=\"off\" da_has_shadow=\"on\"][et_pb_row _builder_version=\"4.16\" _module_preset=\"default\" global_colors_info=\"{}\"][et_pb_column type=\"4_4\" _builder_version=\"4.16\" _module_preset=\"default\" global_colors_info=\"{}\"][et_pb_text _builder_version=\"4.20.2\" _module_preset=\"default\" header_2_font=\"Lato|700||on|||||\" header_2_text_color=\"#000000\" header_2_font_size=\"30px\" header_2_letter_spacing=\"1px\" header_2_line_height=\"1.3em\" header_2_font_size_tablet=\"\" header_2_font_size_phone=\"24px\" header_2_font_size_last_edited=\"on|phone\" header_2_line_height_last_edited=\"off|phone\" global_colors_info=\"{}\"]\n<h2>Dance groups in Switzerland<\/h2>\n[\/et_pb_text][et_pb_text _builder_version=\"4.20.2\" _module_preset=\"default\" global_colors_info=\"{}\"]\n\nZ\u00fcrich Scottish Country Dancing Club <a href=\"http:\/\/www.zscdc.ch\/\"> www.zscdc.ch<\/a>\nScottish Country Dance Group, Basel <a href=\"http:\/\/www.scdgb.ch\/\"> www.scdgb.ch<\/a>\nScots Kirk Lausanne <a href=\"http:\/\/www.scotskirklausanne.ch\/\"> www.scotskirklausanne.ch<\/a>\nDietlikon Folk Dance <a href=\"http:\/\/www.folkdancedietlikon.ch\/default.html\"> www.folkdancedietlikon.ch <\/a>\n\n[\/et_pb_text][\/et_pb_column][\/et_pb_row][et_pb_row _builder_version=\"4.16\" _module_preset=\"default\" global_colors_info=\"{}\"][et_pb_column type=\"4_4\" _builder_version=\"4.16\" _module_preset=\"default\" global_colors_info=\"{}\"][et_pb_text _builder_version=\"4.20.2\" _module_preset=\"default\" header_2_font=\"Lato|700||on|||||\" header_2_text_color=\"#000000\" header_2_font_size=\"30px\" header_2_letter_spacing=\"1px\" header_2_line_height=\"1.3em\" header_2_font_size_tablet=\"\" header_2_font_size_phone=\"24px\" header_2_font_size_last_edited=\"on|phone\" header_2_line_height_last_edited=\"off|phone\" global_colors_info=\"{}\"]\n<h2>International SCD sites<\/h2>\n[\/et_pb_text][et_pb_text _builder_version=\"4.20.2\" _module_preset=\"default\" global_colors_info=\"{}\"]\n\nRoyal Scottish Country Dance Society, Edinburgh <a href=\"https:\/\/www.rscds.org\/Content.aspx\"> www.rscdc.org <\/a>\nClub de danse \u00e9cossaise \u00e0 Annecy <a href=\"http:\/\/www.scd-annecy.fr\/\">www.scd-annecy.fr <\/a>\nCeltic Circle <a href=\"http:\/\/www.celtic-circle.de\/\"> www.celtic-circle.de <\/a>\nGrand Chain <a href=\"http:\/\/www.scottishdance.net\/\"> www.scottishdance.net <\/a>\nThe Strathspey Server <a href=\"http:\/\/www.strathspey.org\/index.html\"> www.strathspey.org <\/a>\nKuckucksnest im Spessart <a href=\"http:\/\/www.kuckucksnest.com\/\"> www.kuckucksnest.com <\/a>\n\n[\/et_pb_text][\/et_pb_column][\/et_pb_row][et_pb_row _builder_version=\"4.16\" _module_preset=\"default\" global_colors_info=\"{}\"][et_pb_column type=\"4_4\" _builder_version=\"4.16\" _module_preset=\"default\" global_colors_info=\"{}\"][et_pb_text _builder_version=\"4.20.2\" _module_preset=\"default\" header_2_font=\"Lato|700||on|||||\" header_2_text_color=\"#000000\" header_2_font_size=\"30px\" header_2_letter_spacing=\"1px\" header_2_line_height=\"1.3em\" header_2_font_size_tablet=\"\" header_2_font_size_phone=\"24px\" header_2_font_size_last_edited=\"on|phone\" header_2_line_height_last_edited=\"off|phone\" global_colors_info=\"{}\"]\n<h2>Dance Links<\/h2>\n[\/et_pb_text][et_pb_text _builder_version=\"4.20.2\" _module_preset=\"default\" global_colors_info=\"{}\"]\n<div class=\"small-text\">\n\nMinicrib <a href=\"http:\/\/www.minicrib.org.uk\/\"> www.minicrib.org.uk <\/a>\nDance Data <a href=\"http:\/\/my.strathspey.org\/dd\/index\/\"> my.strathspey.org <\/a>\nThe Dancing Master 1651-1728 <a href=\"http:\/\/www.izaak.unh.edu\/nhltmd\/indexes\/dancingmaster\/\"> www.izaak.unh.edu\/nhltmd\/indexes\/dancingmaster <\/a>\nScottish Country Dancing Dictionary <a href=\"http:\/\/www.scottish-country-dancing-dictionary.com\/\"> www.scottish-country-dancing-dictionary.com <\/a>\n\n<\/div>\n[\/et_pb_text][\/et_pb_column][\/et_pb_row][et_pb_row _builder_version=\"4.16\" _module_preset=\"default\" global_colors_info=\"{}\"][et_pb_column type=\"4_4\" _builder_version=\"4.16\" _module_preset=\"default\" global_colors_info=\"{}\"][et_pb_text _builder_version=\"4.20.2\" _module_preset=\"default\" header_2_font=\"Lato|700||on|||||\" header_2_text_color=\"#000000\" header_2_font_size=\"30px\" header_2_letter_spacing=\"1px\" header_2_line_height=\"1.3em\" header_2_font_size_tablet=\"\" header_2_font_size_phone=\"24px\" header_2_font_size_last_edited=\"on|phone\" header_2_line_height_last_edited=\"off|phone\" global_colors_info=\"{}\"]\n<h2>Dances by members of the Geneva Scottish Country Dancing Club<\/h2>\n[\/et_pb_text][et_pb_text _builder_version=\"4.20.2\" _module_preset=\"default\" global_colors_info=\"{}\"]\n<div class=\"small-text\">\n<div class=\"small-text\">\n\nThe following is a non-exhaustive list of dances created by members of the Club and which are not documented at other well known sites (e.g. my.strathspey.org). These dances have all - at one time or another - featured on the programme at the Club's annual Spring Dance.\n\n<a href=\"https:\/\/new.genevascdc.com\/links\/a-dance-to-say-thank-you\/\"> A Dance to Say Thank You<\/a> (Florence Burgy, dedicated to Avril and David Quarrie)\n<a href=\"https:\/\/new.genevascdc.com\/links\/au-revoir-mes-amis\/\">Au Revoir Mes Amis<\/a> (Luke Bradley)\n<a href=\"https:\/\/new.genevascdc.com\/links\/the-glaikit-gowk-april-fool\/\">The Glaikit Gowk (April Fool)<\/a> (Colin Anderson)\n<a href=\"https:\/\/new.genevascdc.com\/links\/the-flower-lady\/\">The Flower Lady<\/a> (Avril Quarrie, in memory of Marie-No\u00eblle Dubey) <a target=\"_blank\" href=\"https:\/\/youtu.be\/aXOzlTYy9q4\" rel=\"noopener\"> Video<\/a>\n<a target=\"_blank\" href=\"https:\/\/www.youtube.com\/watch?v=n4y8iGCql70\" rel=\"noopener\">David's Double Trouble<\/a> (video from Zurich ball 2017 on YouTube)\n<a href=\"https:\/\/new.genevascdc.com\/links\/the-geneva-dancers\/\">The Geneva Dancers<\/a> (Colin Anderson)\n\n<\/div>\n<\/div>\n[\/et_pb_text][\/et_pb_column][\/et_pb_row][et_pb_row _builder_version=\"4.16\" _module_preset=\"default\" global_colors_info=\"{}\"][et_pb_column type=\"4_4\" _builder_version=\"4.16\" _module_preset=\"default\" global_colors_info=\"{}\"][et_pb_text _builder_version=\"4.20.2\" _module_preset=\"default\" header_2_font=\"Lato|700||on|||||\" header_2_text_color=\"#000000\" header_2_font_size=\"30px\" header_2_letter_spacing=\"1px\" header_2_line_height=\"1.3em\" header_2_font_size_tablet=\"\" header_2_font_size_phone=\"24px\" header_2_font_size_last_edited=\"on|phone\" header_2_line_height_last_edited=\"off|phone\" global_colors_info=\"{}\"]\n<h2>Other dances<\/h2>\n[\/et_pb_text][et_pb_text _builder_version=\"4.20.2\" _module_preset=\"default\" global_colors_info=\"{}\"]\n<div class=\"small-text\">\n\nSaint Mungo's City was on the programme for the Geneva Spring Dance 2017. We received several requests for <i>detailed<\/i> instructions (as opposed to the usual crib format), and would like to thank Mary Webster of RSCDS Glasgow for arranging permission to post them here.\n\n<a href=\"https:\/\/www.genevascdc.com\/EN\/OD_SMC.shtml\">Saint Mungo's City<\/a> (Alasdair Brown)\n\n<\/div>\n[\/et_pb_text][\/et_pb_column][\/et_pb_row][\/et_pb_section]","_et_gb_content_width":"","two_page_speed":[],"footnotes":""},"class_list":["post-29604","page","type-page","status-publish","hentry"],"_links":{"self":[{"href":"https:\/\/genevascdc.com\/fr\/wp-json\/wp\/v2\/pages\/29604","targetHints":{"allow":["GET"]}}],"collection":[{"href":"https:\/\/genevascdc.com\/fr\/wp-json\/wp\/v2\/pages"}],"about":[{"href":"https:\/\/genevascdc.com\/fr\/wp-json\/wp\/v2\/types\/page"}],"author":[{"embeddable":true,"href":"https:\/\/genevascdc.com\/fr\/wp-json\/wp\/v2\/users\/1"}],"replies":[{"embeddable":true,"href":"https:\/\/genevascdc.com\/fr\/wp-json\/wp\/v2\/comments?post=29604"}],"version-history":[{"count":13,"href":"https:\/\/genevascdc.com\/fr\/wp-json\/wp\/v2\/pages\/29604\/revisions"}],"predecessor-version":[{"id":30227,"href":"https:\/\/genevascdc.com\/fr\/wp-json\/wp\/v2\/pages\/29604\/revisions\/30227"}],"wp:attachment":[{"href":"https:\/\/genevascdc.com\/fr\/wp-json\/wp\/v2\/media?parent=29604"}],"curies":[{"name":"wp","href":"https:\/\/api.w.org\/{rel}","templated":true}]}}