{"id":29354,"date":"2023-04-07T18:37:48","date_gmt":"2023-04-07T16:37:48","guid":{"rendered":"https:\/\/new.genevascdc.com\/danses-du-jeudi\/"},"modified":"2026-04-14T23:56:31","modified_gmt":"2026-04-14T21:56:31","slug":"danses-du-jeudi","status":"publish","type":"page","link":"https:\/\/genevascdc.com\/fr\/danses-du-jeudi\/","title":{"rendered":"Danses du jeudi"},"content":{"rendered":"<p>[et_pb_section fb_built=\u00a0\u00bb1&Prime; _builder_version=\u00a0\u00bb4.27.4&Prime; _module_preset=\u00a0\u00bbdefault\u00a0\u00bb background_image=\u00a0\u00bbhttps:\/\/genevascdc.com\/wp-content\/uploads\/2023\/05\/sd_01_25_03_2023.jpg\u00a0\u00bb custom_padding=\u00a0\u00bb4vw||4vw||true|false\u00a0\u00bb hover_enabled=\u00a0\u00bb0&Prime; da_disable_devices=\u00a0\u00bboff|off|off\u00a0\u00bb global_colors_info=\u00a0\u00bb{}\u00a0\u00bb title_text=\u00a0\u00bbsd_01_25_03_2023&Prime; sticky_enabled=\u00a0\u00bb0&Prime; da_is_popup=\u00a0\u00bboff\u00a0\u00bb da_exit_intent=\u00a0\u00bboff\u00a0\u00bb da_has_close=\u00a0\u00bbon\u00a0\u00bb da_alt_close=\u00a0\u00bboff\u00a0\u00bb da_dark_close=\u00a0\u00bboff\u00a0\u00bb da_not_modal=\u00a0\u00bbon\u00a0\u00bb da_is_singular=\u00a0\u00bboff\u00a0\u00bb da_with_loader=\u00a0\u00bboff\u00a0\u00bb da_has_shadow=\u00a0\u00bbon\u00a0\u00bb][et_pb_row _builder_version=\u00a0\u00bb4.16&Prime; _module_preset=\u00a0\u00bbdefault\u00a0\u00bb global_colors_info=\u00a0\u00bb{}\u00a0\u00bb][et_pb_column type=\u00a0\u00bb4_4&Prime; _builder_version=\u00a0\u00bb4.16&Prime; _module_preset=\u00a0\u00bbdefault\u00a0\u00bb global_colors_info=\u00a0\u00bb{}\u00a0\u00bb][et_pb_text _builder_version=\u00a0\u00bb4.20.2&Prime; _module_preset=\u00a0\u00bbdefault\u00a0\u00bb header_font=\u00a0\u00bbLato|700|||||||\u00a0\u00bb header_text_align=\u00a0\u00bbleft\u00a0\u00bb header_text_color=\u00a0\u00bb#FFFFFF\u00a0\u00bb header_font_size=\u00a0\u00bb60px\u00a0\u00bb header_line_height=\u00a0\u00bb1.2em\u00a0\u00bb header_3_text_color=\u00a0\u00bb#FFFFFF\u00a0\u00bb background_color=\u00a0\u00bbrgba(19,44,200,0.67)\u00a0\u00bb module_alignment=\u00a0\u00bbcenter\u00a0\u00bb custom_margin=\u00a0\u00bb||10px||false|false\u00a0\u00bb custom_padding=\u00a0\u00bb2vw|2vw|2vw|2vw|true|true\u00a0\u00bb header_font_size_tablet=\u00a0\u00bb\u00a0\u00bb header_font_size_phone=\u00a0\u00bb46px\u00a0\u00bb header_font_size_last_edited=\u00a0\u00bbon|phone\u00a0\u00bb global_colors_info=\u00a0\u00bb{}\u00a0\u00bb]<\/p>\n<h1>Danses du jeudi<\/h1>\n<p>[\/et_pb_text][\/et_pb_column][\/et_pb_row][\/et_pb_section][et_pb_section fb_built=\u00a0\u00bb1&Prime; _builder_version=\u00a0\u00bb4.16&Prime; _module_preset=\u00a0\u00bbdefault\u00a0\u00bb da_disable_devices=\u00a0\u00bboff|off|off\u00a0\u00bb global_colors_info=\u00a0\u00bb{}\u00a0\u00bb da_is_popup=\u00a0\u00bboff\u00a0\u00bb da_exit_intent=\u00a0\u00bboff\u00a0\u00bb da_has_close=\u00a0\u00bbon\u00a0\u00bb da_alt_close=\u00a0\u00bboff\u00a0\u00bb da_dark_close=\u00a0\u00bboff\u00a0\u00bb da_not_modal=\u00a0\u00bbon\u00a0\u00bb da_is_singular=\u00a0\u00bboff\u00a0\u00bb da_with_loader=\u00a0\u00bboff\u00a0\u00bb da_has_shadow=\u00a0\u00bbon\u00a0\u00bb][et_pb_row _builder_version=\u00a0\u00bb4.16&Prime; _module_preset=\u00a0\u00bbdefault\u00a0\u00bb global_colors_info=\u00a0\u00bb{}\u00a0\u00bb][et_pb_column type=\u00a0\u00bb4_4&Prime; _builder_version=\u00a0\u00bb4.16&Prime; _module_preset=\u00a0\u00bbdefault\u00a0\u00bb global_colors_info=\u00a0\u00bb{}\u00a0\u00bb][et_pb_text _builder_version=\u00a0\u00bb4.25.1&Prime; _module_preset=\u00a0\u00bbdefault\u00a0\u00bb header_2_font=\u00a0\u00bbLato|700||on|||||\u00a0\u00bb header_2_text_color=\u00a0\u00bb#000000&Prime; header_2_font_size=\u00a0\u00bb30px\u00a0\u00bb header_2_letter_spacing=\u00a0\u00bb1px\u00a0\u00bb header_2_line_height=\u00a0\u00bb1.3em\u00a0\u00bb header_2_font_size_tablet=\u00a0\u00bb\u00a0\u00bb header_2_font_size_phone=\u00a0\u00bb24px\u00a0\u00bb header_2_font_size_last_edited=\u00a0\u00bbon|phone\u00a0\u00bb header_2_line_height_last_edited=\u00a0\u00bboff|phone\u00a0\u00bb global_colors_info=\u00a0\u00bb{}\u00a0\u00bb]<\/p>\n<h2>INFORMATIONS PRATIQUES<\/h2>\n<p>[\/et_pb_text][\/et_pb_column][\/et_pb_row][et_pb_row column_structure=\u00a0\u00bb1_3,1_3,1_3&Prime; use_custom_gutter=\u00a0\u00bbon\u00a0\u00bb gutter_width=\u00a0\u00bb2&Prime; _builder_version=\u00a0\u00bb4.25.1&Prime; _module_preset=\u00a0\u00bbdefault\u00a0\u00bb global_colors_info=\u00a0\u00bb{}\u00a0\u00bb][et_pb_column type=\u00a0\u00bb1_3&Prime; _builder_version=\u00a0\u00bb4.16&Prime; _module_preset=\u00a0\u00bbdefault\u00a0\u00bb global_colors_info=\u00a0\u00bb{}\u00a0\u00bb][et_pb_icon font_icon=\u00a0\u00bb&#xf073;||fa||400&Prime; _builder_version=\u00a0\u00bb4.25.1&Prime; _module_preset=\u00a0\u00bbdefault\u00a0\u00bb global_colors_info=\u00a0\u00bb{}\u00a0\u00bb][\/et_pb_icon][et_pb_blurb title=\u00a0\u00bbHORAIRE DES COURS\u00a0\u00bb _builder_version=\u00a0\u00bb4.25.1&Prime; _module_preset=\u00a0\u00bbdefault\u00a0\u00bb header_font=\u00a0\u00bbLato|700|||||||\u00a0\u00bb header_text_align=\u00a0\u00bbcenter\u00a0\u00bb header_text_color=\u00a0\u00bb#000000&Prime; header_font_size=\u00a0\u00bb20px\u00a0\u00bb header_line_height=\u00a0\u00bb1.2em\u00a0\u00bb body_font=\u00a0\u00bb|300|||||||\u00a0\u00bb body_text_align=\u00a0\u00bbcenter\u00a0\u00bb body_text_color=\u00a0\u00bb#474747&Prime; body_font_size=\u00a0\u00bb18px\u00a0\u00bb body_line_height=\u00a0\u00bb1.8em\u00a0\u00bb custom_padding=\u00a0\u00bb6px|||||\u00a0\u00bb hover_transition_duration=\u00a0\u00bb500ms\u00a0\u00bb header_text_color_tablet=\u00a0\u00bb#000000&Prime; header_text_color_phone=\u00a0\u00bb#000000&Prime; header_text_color_last_edited=\u00a0\u00bbon|phone\u00a0\u00bb global_colors_info=\u00a0\u00bb{}\u00a0\u00bb custom_css_blurb_image__hover_enabled=\u00a0\u00bbon|hover\u00a0\u00bb custom_css_blurb_image__hover=\u00a0\u00bbfilter:brightness(0%)\u00a0\u00bb header_text_color__hover_enabled=\u00a0\u00bbon|desktop\u00a0\u00bb header_text_color__hover=\u00a0\u00bb#000000&Prime; icon_color__hover_enabled=\u00a0\u00bbon|hover\u00a0\u00bb icon_color__hover=\u00a0\u00bb#000000&Prime;]<\/p>\n<p>Tous les jeudis soirs<br \/>de 18h15 \u00e0 20h,<br \/>de Septembre \u00e0 Juin <span>(voir <\/span><a href=\"https:\/\/new.genevascdc.com\/fr\/calendrier-2\/\">Calendrier<\/a><span>)<\/span><\/p>\n<p>La saison 2025-2026 commence<br \/>le jeudi 18 Septembre.<\/p>\n<p>Veuillez noter que les cours<br \/>sont donn\u00e9s en anglais.<\/p>\n<p>&nbsp;<\/p>\n<p>[\/et_pb_blurb][\/et_pb_column][et_pb_column type=\u00a0\u00bb1_3&Prime; _builder_version=\u00a0\u00bb4.25.1&Prime; _module_preset=\u00a0\u00bbdefault\u00a0\u00bb global_colors_info=\u00a0\u00bb{}\u00a0\u00bb][et_pb_icon font_icon=\u00a0\u00bb&#xf3c5;||fa||900&Prime; _builder_version=\u00a0\u00bb4.25.1&Prime; _module_preset=\u00a0\u00bbdefault\u00a0\u00bb global_colors_info=\u00a0\u00bb{}\u00a0\u00bb][\/et_pb_icon][et_pb_blurb title=\u00a0\u00bbLIEU\u00a0\u00bb _builder_version=\u00a0\u00bb4.25.1&Prime; _module_preset=\u00a0\u00bbdefault\u00a0\u00bb header_font=\u00a0\u00bbLato|700|||||||\u00a0\u00bb header_text_align=\u00a0\u00bbcenter\u00a0\u00bb header_text_color=\u00a0\u00bb#000000&Prime; header_font_size=\u00a0\u00bb20px\u00a0\u00bb header_line_height=\u00a0\u00bb1.2em\u00a0\u00bb body_font=\u00a0\u00bb|300|||||||\u00a0\u00bb body_text_align=\u00a0\u00bbcenter\u00a0\u00bb body_text_color=\u00a0\u00bb#474747&Prime; body_font_size=\u00a0\u00bb18px\u00a0\u00bb body_line_height=\u00a0\u00bb1.8em\u00a0\u00bb hover_transition_duration=\u00a0\u00bb500ms\u00a0\u00bb global_colors_info=\u00a0\u00bb{}\u00a0\u00bb custom_css_blurb_image__hover_enabled=\u00a0\u00bbon|hover\u00a0\u00bb custom_css_blurb_image__hover=\u00a0\u00bbfilter:brightness(0%)\u00a0\u00bb header_text_color__hover_enabled=\u00a0\u00bbon|hover\u00a0\u00bb header_text_color__hover=\u00a0\u00bb#000000&Prime; icon_color__hover_enabled=\u00a0\u00bbon|hover\u00a0\u00bb icon_color__hover=\u00a0\u00bb#000000&Prime;]<\/p>\n<p><span>Ecole Necker,\u00a0<\/span><span>4 Rue Necker, 1201 Gen\u00e8ve<\/span><br \/><span>(entr\u00e9e par le pr\u00e9au de l&rsquo;\u00e9cole)<\/span><\/p>\n<p>[\/et_pb_blurb][et_pb_code _builder_version=\u00a0\u00bb4.25.1&Prime; _module_preset=\u00a0\u00bbdefault\u00a0\u00bb global_colors_info=\u00a0\u00bb{}\u00a0\u00bb]<iframe loading=\"lazy\" scrolling=\"no\" src=\"https:\/\/www.google.com\/maps\/embed?pb=!1m14!1m8!1m3!1d22089.23336607425!2d6.141016!3d46.207388!3m2!1i1024!2i768!4f13.1!3m3!1m2!1s0x478c64d81d5c0445%3A0x691838cb7d7f74c!2sRue+Necker+4%2C+1201+Gen%C3%A8ve%2C+Switzerland!5e0!3m2!1sen!2sus!4v1412376955494\" style=\"border:0\" width=\"100%\" height=\"350px\" frameborder=\"0\"><!-- [et_pb_line_break_holder] --><\/iframe><a href=\"https:\/\/goo.gl\/maps\/nlZS0\" title=\"large_map\">Agrandir la carte<\/a>[\/et_pb_code][\/et_pb_column][et_pb_column type=\u00a0\u00bb1_3&Prime; _builder_version=\u00a0\u00bb4.16&Prime; _module_preset=\u00a0\u00bbdefault\u00a0\u00bb global_colors_info=\u00a0\u00bb{}\u00a0\u00bb][et_pb_icon font_icon=\u00a0\u00bb&#xf5ac;||fa||900&Prime; _builder_version=\u00a0\u00bb4.25.1&Prime; _module_preset=\u00a0\u00bbdefault\u00a0\u00bb global_colors_info=\u00a0\u00bb{}\u00a0\u00bb][\/et_pb_icon][et_pb_blurb title=\u00a0\u00bbINSCRIPTION &#038; TARIFS\u00a0\u00bb _builder_version=\u00a0\u00bb4.25.1&Prime; _module_preset=\u00a0\u00bbdefault\u00a0\u00bb header_font=\u00a0\u00bbLato|700|||||||\u00a0\u00bb header_text_align=\u00a0\u00bbcenter\u00a0\u00bb header_text_color=\u00a0\u00bb#000000&Prime; header_font_size=\u00a0\u00bb20px\u00a0\u00bb header_line_height=\u00a0\u00bb1.2em\u00a0\u00bb body_font=\u00a0\u00bb|300|||||||\u00a0\u00bb body_text_align=\u00a0\u00bbcenter\u00a0\u00bb body_text_color=\u00a0\u00bb#474747&Prime; body_font_size=\u00a0\u00bb18px\u00a0\u00bb body_line_height=\u00a0\u00bb1.8em\u00a0\u00bb hover_transition_duration=\u00a0\u00bb500ms\u00a0\u00bb header_text_color_tablet=\u00a0\u00bb#000000&Prime; header_text_color_phone=\u00a0\u00bb#000000&Prime; header_text_color_last_edited=\u00a0\u00bbon|desktop\u00a0\u00bb global_colors_info=\u00a0\u00bb{}\u00a0\u00bb custom_css_blurb_image__hover_enabled=\u00a0\u00bbon|hover\u00a0\u00bb custom_css_blurb_image__hover=\u00a0\u00bbfilter:brightness(0%)\u00a0\u00bb header_text_color__hover_enabled=\u00a0\u00bbon|hover\u00a0\u00bb header_text_color__hover=\u00a0\u00bb#000000&Prime; icon_color__hover_enabled=\u00a0\u00bbon|hover\u00a0\u00bb icon_color__hover=\u00a0\u00bb#000000&Prime;]<\/p>\n<p><a href=\"#info\">Cliquez ici <\/a>pour plus d&rsquo;informations concernant l&rsquo;inscription et les tarifs des cours.<\/p>\n<p>[\/et_pb_blurb][\/et_pb_column][\/et_pb_row][\/et_pb_section][et_pb_section fb_built=\u00a0\u00bb1&Prime; _builder_version=\u00a0\u00bb4.19.5&Prime; _module_preset=\u00a0\u00bbdefault\u00a0\u00bb background_image=\u00a0\u00bbhttps:\/\/new.genevascdc.com\/wp-content\/uploads\/2023\/03\/tartan-bleu.jpg\u00a0\u00bb parallax=\u00a0\u00bbon\u00a0\u00bb da_disable_devices=\u00a0\u00bboff|off|off\u00a0\u00bb global_colors_info=\u00a0\u00bb{}\u00a0\u00bb da_is_popup=\u00a0\u00bboff\u00a0\u00bb da_exit_intent=\u00a0\u00bboff\u00a0\u00bb da_has_close=\u00a0\u00bbon\u00a0\u00bb da_alt_close=\u00a0\u00bboff\u00a0\u00bb da_dark_close=\u00a0\u00bboff\u00a0\u00bb da_not_modal=\u00a0\u00bbon\u00a0\u00bb da_is_singular=\u00a0\u00bboff\u00a0\u00bb da_with_loader=\u00a0\u00bboff\u00a0\u00bb da_has_shadow=\u00a0\u00bbon\u00a0\u00bb][et_pb_row _builder_version=\u00a0\u00bb4.16&Prime; _module_preset=\u00a0\u00bbdefault\u00a0\u00bb global_colors_info=\u00a0\u00bb{}\u00a0\u00bb][et_pb_column type=\u00a0\u00bb4_4&Prime; _builder_version=\u00a0\u00bb4.16&Prime; _module_preset=\u00a0\u00bbdefault\u00a0\u00bb global_colors_info=\u00a0\u00bb{}\u00a0\u00bb][et_pb_text _builder_version=\u00a0\u00bb4.25.1&Prime; _module_preset=\u00a0\u00bbdefault\u00a0\u00bb text_font=\u00a0\u00bbCrimson Text||||||||\u00a0\u00bb text_text_color=\u00a0\u00bb#9c9da1&Prime; header_2_font=\u00a0\u00bbLato|700||on|||||\u00a0\u00bb header_2_text_color=\u00a0\u00bb#FFFFFF\u00a0\u00bb header_2_font_size=\u00a0\u00bb30px\u00a0\u00bb header_2_letter_spacing=\u00a0\u00bb1px\u00a0\u00bb header_2_line_height=\u00a0\u00bb1.3em\u00a0\u00bb max_width=\u00a0\u00bb900px\u00a0\u00bb module_alignment=\u00a0\u00bbcenter\u00a0\u00bb custom_margin=\u00a0\u00bb||0px||false|false\u00a0\u00bb text_font_size_phone=\u00a0\u00bb14px\u00a0\u00bb header_2_font_size_tablet=\u00a0\u00bb\u00a0\u00bb header_2_font_size_phone=\u00a0\u00bb24px\u00a0\u00bb header_2_font_size_last_edited=\u00a0\u00bbon|phone\u00a0\u00bb header_2_line_height_last_edited=\u00a0\u00bboff|phone\u00a0\u00bb global_colors_info=\u00a0\u00bb{}\u00a0\u00bb]<\/p>\n<h2>Les danses de l&rsquo;ann\u00e9e en cours<\/h2>\n<p>[\/et_pb_text][\/et_pb_column][\/et_pb_row][\/et_pb_section][et_pb_section fb_built=\u00a0\u00bb1&Prime; _builder_version=\u00a0\u00bb4.16&Prime; _module_preset=\u00a0\u00bbdefault\u00a0\u00bb background_color=\u00a0\u00bb#f9f9f9&Prime; da_disable_devices=\u00a0\u00bboff|off|off\u00a0\u00bb global_colors_info=\u00a0\u00bb{}\u00a0\u00bb da_is_popup=\u00a0\u00bboff\u00a0\u00bb da_exit_intent=\u00a0\u00bboff\u00a0\u00bb da_has_close=\u00a0\u00bbon\u00a0\u00bb da_alt_close=\u00a0\u00bboff\u00a0\u00bb da_dark_close=\u00a0\u00bboff\u00a0\u00bb da_not_modal=\u00a0\u00bbon\u00a0\u00bb da_is_singular=\u00a0\u00bboff\u00a0\u00bb da_with_loader=\u00a0\u00bboff\u00a0\u00bb da_has_shadow=\u00a0\u00bbon\u00a0\u00bb][et_pb_row _builder_version=\u00a0\u00bb4.16&Prime; _module_preset=\u00a0\u00bbdefault\u00a0\u00bb custom_margin=\u00a0\u00bb-60px|auto||auto||\u00a0\u00bb custom_padding=\u00a0\u00bb38px|||||\u00a0\u00bb global_colors_info=\u00a0\u00bb{}\u00a0\u00bb][et_pb_column type=\u00a0\u00bb4_4&Prime; _builder_version=\u00a0\u00bb4.16&Prime; _module_preset=\u00a0\u00bbdefault\u00a0\u00bb global_colors_info=\u00a0\u00bb{}\u00a0\u00bb][et_pb_text _builder_version=\u00a0\u00bb4.25.1&Prime; _module_preset=\u00a0\u00bbdefault\u00a0\u00bb header_2_font=\u00a0\u00bbLato|700||on|||||\u00a0\u00bb header_2_text_color=\u00a0\u00bb#000000&Prime; header_2_font_size=\u00a0\u00bb30px\u00a0\u00bb header_2_letter_spacing=\u00a0\u00bb1px\u00a0\u00bb header_2_line_height=\u00a0\u00bb1.3em\u00a0\u00bb max_width=\u00a0\u00bb900px\u00a0\u00bb module_alignment=\u00a0\u00bbcenter\u00a0\u00bb custom_margin=\u00a0\u00bb||0px||false|false\u00a0\u00bb header_2_font_size_tablet=\u00a0\u00bb\u00a0\u00bb header_2_font_size_phone=\u00a0\u00bb24px\u00a0\u00bb header_2_font_size_last_edited=\u00a0\u00bbon|phone\u00a0\u00bb header_2_line_height_last_edited=\u00a0\u00bboff|phone\u00a0\u00bb global_colors_info=\u00a0\u00bb{}\u00a0\u00bb]<\/p>\n<p>Vous trouverez ci-dessous une liste des danses que nous avons faites en classe r\u00e9cemment.<\/p>\n<p>Pour celles et ceux qui souhaiteraient travailler sur les descriptions de ces danses, <br \/>vous trouverez des ressources dans la page <a href=\"https:\/\/new.genevascdc.com\/fr\/liens\/\">Liens<\/a>. <a href=\"https:\/\/new.genevascdc.com\/fr\/liens\/\"><\/a><\/p>\n<p>&nbsp;<\/p>\n<p>[\/et_pb_text][et_pb_toggle title=\u00a0\u00bbDanses faites en 2025-2026&Prime; open_toggle_text_color=\u00a0\u00bb#192FCA\u00a0\u00bb _builder_version=\u00a0\u00bb4.27.4&Prime; _module_preset=\u00a0\u00bbdefault\u00a0\u00bb title_text_color=\u00a0\u00bb#192fca\u00a0\u00bb title_level=\u00a0\u00bbh3&Prime; global_colors_info=\u00a0\u00bb{}\u00a0\u00bb]Niveau de difficult\u00e9 (approx)<br \/>\nB &#8211; Beginner \/ D\u00e9butant<br \/>\nI &#8211; Intermediate \/ Interm\u00e9diaire<br \/>\nExper &#8211; Experienced \/ Experiment\u00e9<br \/>\nA &#8211; Advanced \/ Avanc\u00e9<\/p>\n<p><iframe loading=\"lazy\" scrolling=\"no\" src=\"https:\/\/docs.google.com\/spreadsheets\/d\/e\/2PACX-1vTP5HQEA_hKcyjfsJGiXPVoYxdqpfUzLE_BOsGxuaqWqME_ZAvCvWoxFNV1Dwas1VWOHKwxW14VDFe3\/pubhtml?gid=0&#038;single=true&amp;widget=true&amp;headers=false\" width=\"100%\" height=\"350px\"><\/iframe>[\/et_pb_toggle][\/et_pb_column][\/et_pb_row][\/et_pb_section][et_pb_section fb_built=\u00a0\u00bb1&Prime; admin_label=\u00a0\u00bbPopup &#8211; #info\u00a0\u00bb module_id=\u00a0\u00bbinfo\u00a0\u00bb module_class=\u00a0\u00bbpopup\u00a0\u00bb _builder_version=\u00a0\u00bb4.20.2&Prime; _module_preset=\u00a0\u00bbdefault\u00a0\u00bb da_is_popup=\u00a0\u00bbon\u00a0\u00bb da_popup_slug=\u00a0\u00bbinfo\u00a0\u00bb da_disable_devices=\u00a0\u00bboff|off|off\u00a0\u00bb global_colors_info=\u00a0\u00bb{}\u00a0\u00bb da_exit_intent=\u00a0\u00bboff\u00a0\u00bb da_has_close=\u00a0\u00bbon\u00a0\u00bb da_alt_close=\u00a0\u00bboff\u00a0\u00bb da_dark_close=\u00a0\u00bboff\u00a0\u00bb da_not_modal=\u00a0\u00bbon\u00a0\u00bb da_is_singular=\u00a0\u00bboff\u00a0\u00bb da_with_loader=\u00a0\u00bboff\u00a0\u00bb da_has_shadow=\u00a0\u00bbon\u00a0\u00bb][et_pb_row _builder_version=\u00a0\u00bb4.20.2&Prime; _module_preset=\u00a0\u00bbdefault\u00a0\u00bb custom_padding=\u00a0\u00bb||1px|||\u00a0\u00bb global_colors_info=\u00a0\u00bb{}\u00a0\u00bb][et_pb_column type=\u00a0\u00bb4_4&Prime; _builder_version=\u00a0\u00bb4.20.2&Prime; _module_preset=\u00a0\u00bbdefault\u00a0\u00bb global_colors_info=\u00a0\u00bb{}\u00a0\u00bb][et_pb_text _builder_version=\u00a0\u00bb4.25.1&Prime; _module_preset=\u00a0\u00bbdefault\u00a0\u00bb custom_padding=\u00a0\u00bb4px|||||\u00a0\u00bb global_colors_info=\u00a0\u00bb{}\u00a0\u00bb]<\/p>\n<h2>INFORMATIONS &amp; INSCRIPTION<span style=\"font-size: 16px;\">\u00a0<\/span><\/h2>\n<div class=\"small-text\">\n<p>Pour vous inscrire ou pour plus d&rsquo;informations, vous pouvez contactez <a href=\"mailto:secretary@genevascdc.com\" title=\"mailto:secretary@genevascdc.com\">secretary@genevascdc.com<\/a><br \/>ou consulter la page <a href=\"https:\/\/new.genevascdc.com\/fr\/contact\/\">Contact<\/a>.<\/p>\n<\/div>\n<p>&nbsp;<\/p>\n<p>[\/et_pb_text][et_pb_text _builder_version=\u00a0\u00bb4.25.1&Prime; _module_preset=\u00a0\u00bbdefault\u00a0\u00bb custom_padding=\u00a0\u00bb4px|||||\u00a0\u00bb global_colors_info=\u00a0\u00bb{}\u00a0\u00bb]<\/p>\n<h2>TARIFS DES COURS &amp; ADH\u00c9SION<\/h2>\n<div class=\"small-text\"><\/div>\n<p>[\/et_pb_text][\/et_pb_column][\/et_pb_row][et_pb_row _builder_version=\u00a0\u00bb4.20.2&Prime; _module_preset=\u00a0\u00bbdefault\u00a0\u00bb min_height=\u00a0\u00bb858.7px\u00a0\u00bb global_colors_info=\u00a0\u00bb{}\u00a0\u00bb][et_pb_column type=\u00a0\u00bb4_4&Prime; _builder_version=\u00a0\u00bb4.20.2&Prime; _module_preset=\u00a0\u00bbdefault\u00a0\u00bb global_colors_info=\u00a0\u00bb{}\u00a0\u00bb][et_pb_text _builder_version=\u00a0\u00bb4.25.1&Prime; _module_preset=\u00a0\u00bbdefault\u00a0\u00bb global_colors_info=\u00a0\u00bb{}\u00a0\u00bb]<\/p>\n<table style=\"border-collapse: collapse; width: 100%; height: 86px;\" border=\"1\">\n<tbody>\n<tr style=\"height: 10px;\">\n<td style=\"width: 50%; height: 10px;\">Le premier cours est gratuit !<\/td>\n<td style=\"width: 50%; height: 10px;\">Adh\u00e9sion : CHF 20<\/td>\n<\/tr>\n<tr style=\"height: 10px;\">\n<td style=\"width: 50%; height: 10px;\">1 cours (non-membres) : CHF 5<\/td>\n<td style=\"width: 50%; height: 76px;\" rowspan=\"4\">\n<p style=\"text-align: justify;\"><strong>Devenir membre :<\/strong> Nous encourageons les personnes venant r\u00e9guli\u00e8rement \u00e0 devenir membre de notre club. L&rsquo;adh\u00e9sion offre une r\u00e9duction importante par rapport au tarif des cours \u00e0 l&rsquo;unit\u00e9, et les membres re\u00e7oivent le droit de participer et de voter lors de l&rsquo;Assemble G\u00e9n\u00e9rale du club. En outre, les membres peuvent rejoindre la liste de diffusion du club, afin de recevoir toutes les informations concernant nos \u00e9v\u00e9nements et activit\u00e9s.<\/p>\n<\/td>\n<\/tr>\n<tr style=\"height: 16px;\">\n<td style=\"width: 50%; height: 16px;\">Cotisation annuelle (membres ) : CHF 60<\/td>\n<\/tr>\n<tr style=\"height: 26px;\">\n<td style=\"width: 50%; height: 26px;\">Cotisation annuelle (membres, 25 ans et moins) : CHF 30<\/td>\n<\/tr>\n<tr style=\"height: 24px;\">\n<td style=\"width: 50%; height: 24px;\">Cotisation semestrielle (membres) : CHF 30<\/td>\n<\/tr>\n<\/tbody>\n<\/table>\n<p>&nbsp;<\/p>\n<p>[\/et_pb_text][et_pb_text _builder_version=\u00a0\u00bb4.25.1&Prime; _module_preset=\u00a0\u00bbdefault\u00a0\u00bb min_height=\u00a0\u00bb34px\u00a0\u00bb custom_padding=\u00a0\u00bb4px|||||\u00a0\u00bb global_colors_info=\u00a0\u00bb{}\u00a0\u00bb]<\/p>\n<h2>M\u00c9THODES DE PAYEMENT<\/h2>\n<div class=\"small-text\">\n<p style=\"text-align: left;\"><strong><br \/>L&rsquo;adh\u00e9sion et les cotisations sont payables en une fois au d\u00e9but de chaque ann\u00e9e de cours, en Francs suisses CHF.<\/strong><\/p>\n<p style=\"text-align: left;\">Les payements peuvent se faire par virements bancaires (voir ci-dessous) ou en cash lors d&rsquo;un cours du jeudi.<\/p>\n<div class=\"small-text\" style=\"text-align: left;\">Banque: PostFinance<br \/>Adresse du b\u00e9n\u00e9ficiaire : Chemin Victor-Duret 16, 1213 Onex<br \/>Compte PostFinance: 15-114805-2<br \/>BIC: POFICHBEXXX<br \/>IBAN: CH44 0900 0000 1511 4805 2<\/div>\n<div class=\"small-text\" style=\"text-align: left;\"><\/div>\n<p style=\"text-align: left;\"><strong><span>Merci d&rsquo;indiquer votre nom dans le virement.<\/span><\/strong><\/p>\n<\/div>\n<p>[\/et_pb_text][\/et_pb_column][\/et_pb_row][\/et_pb_section]<\/p>\n","protected":false},"excerpt":{"rendered":"<p>Danses du jeudiINFORMATIONS PRATIQUESTous les jeudis soirsde 18h15 \u00e0 20h,de Septembre \u00e0 Juin (voir Calendrier) La saison 2025-2026 commencele jeudi 18 Septembre. Veuillez noter que les courssont donn\u00e9s en anglais. [&hellip;]<\/p>\n","protected":false},"author":1,"featured_media":0,"parent":0,"menu_order":0,"comment_status":"closed","ping_status":"closed","template":"","meta":{"_et_pb_use_builder":"on","_et_pb_old_content":"","_et_gb_content_width":"","two_page_speed":[],"footnotes":""},"class_list":["post-29354","page","type-page","status-publish","hentry"],"_links":{"self":[{"href":"https:\/\/genevascdc.com\/fr\/wp-json\/wp\/v2\/pages\/29354","targetHints":{"allow":["GET"]}}],"collection":[{"href":"https:\/\/genevascdc.com\/fr\/wp-json\/wp\/v2\/pages"}],"about":[{"href":"https:\/\/genevascdc.com\/fr\/wp-json\/wp\/v2\/types\/page"}],"author":[{"embeddable":true,"href":"https:\/\/genevascdc.com\/fr\/wp-json\/wp\/v2\/users\/1"}],"replies":[{"embeddable":true,"href":"https:\/\/genevascdc.com\/fr\/wp-json\/wp\/v2\/comments?post=29354"}],"version-history":[{"count":32,"href":"https:\/\/genevascdc.com\/fr\/wp-json\/wp\/v2\/pages\/29354\/revisions"}],"predecessor-version":[{"id":30230,"href":"https:\/\/genevascdc.com\/fr\/wp-json\/wp\/v2\/pages\/29354\/revisions\/30230"}],"wp:attachment":[{"href":"https:\/\/genevascdc.com\/fr\/wp-json\/wp\/v2\/media?parent=29354"}],"curies":[{"name":"wp","href":"https:\/\/api.w.org\/{rel}","templated":true}]}}